{"id":1848,"date":"2019-04-12T15:14:23","date_gmt":"2019-04-12T15:14:23","guid":{"rendered":"https:\/\/estdragon.ee\/%d0%b0%d1%81%d1%81%d0%be%d1%86%d0%b8%d0%b0%d1%86%d0%b8%d1%8f\/"},"modified":"2024-12-01T19:51:21","modified_gmt":"2024-12-01T19:51:21","slug":"%d0%b0%d1%81%d1%81%d0%be%d1%86%d0%b8%d0%b0%d1%86%d0%b8%d1%8f","status":"publish","type":"page","link":"https:\/\/estdragon.ee\/ru\/%d0%b0%d1%81%d1%81%d0%be%d1%86%d0%b8%d0%b0%d1%86%d0%b8%d1%8f\/","title":{"rendered":"\u0410\u0441\u0441\u043e\u0446\u0438\u0430\u0446\u0438\u044f"},"content":{"rendered":"<div class=\"wpb-content-wrapper\"><p>[vc_row][vc_column][vc_column_text]<\/p>\n<h2 style=\"text-align: center;\">\u042d\u0441\u0442\u043e\u043d\u0441\u043a\u0430\u044f \u0410\u0441\u0441\u043e\u0446\u0438\u0430\u0446\u0438\u044f \u043a\u043b\u0430\u0441\u0441\u0430 \u0414\u0440\u0430\u043a\u043e\u043d<\/h2>\n<p>[\/vc_column_text][vc_column_text]\n<table id=\"tablepress-53\" class=\"tablepress tablepress-id-53\">\n<tbody class=\"row-striping row-hover\">\n<tr class=\"row-1\">\n\t<td class=\"column-1\"><a href=\"https:\/\/estdragon.ee\/wp-content\/uploads\/2024\/12\/EDL_P_ohikiri-1.pdf\"> \u0423\u0441\u0442\u0430\u0432 \u042d\u0441\u0442\u043e\u043d\u0441\u043a\u043e\u0439 \u0410\u0441\u0441\u043e\u0446\u0438\u0430\u0446\u0438\u0438 \u043a\u043b\u0430\u0441\u0441\u0430 \u0414\u0440\u0430\u043a\u043e\u043d (\u044d\u0441\u0442.) <\/a><\/td>\n<\/tr>\n<tr class=\"row-2\">\n\t<td class=\"column-1\"><a href=\"https:\/\/estdragon.ee\/wp-content\/uploads\/2024\/12\/oprosy_EDL_rus.pdf\">\u041f\u043e\u0440\u044f\u0434\u043e\u043a \u043f\u0440\u043e\u0432\u0435\u0434\u0435\u043d\u0438\u044f \u0433\u043e\u043b\u043e\u0441\u043e\u0432\u0430\u043d\u0438\u0439 \u0438 \u043e\u043f\u0440\u043e\u0441\u043e\u0432 \u0441\u0440\u0435\u0434\u0438 \u0447\u043b\u0435\u043d\u043e\u0432 EDA  <\/a><\/td>\n<\/tr>\n<\/tbody>\n<\/table>\n<!-- #tablepress-53 from cache -->[\/vc_column_text][vc_empty_space height=&#187;30&#8243;][\/vc_column][\/vc_row][vc_row][vc_column css=&#187;.vc_custom_1555078123821{background-color: #eaeff5 !important;}&#187;]<blockquote class=\"text-big shortcode-blockquote\"><h3 style=\"font-weight: 400; text-align: center;\"><em>&#171;Liidu eesm\u00e4rk on Draakon klassi purjekate ja Draakon klassi v\u00f5istluste propageerimine ning edendamine Eestis l\u00e4htuvalt <\/em><em>rahvusvahelistest Draakon klassi reeglitest.&#187;<\/em><\/h3>\n<\/blockquote>[vc_empty_space height=&#187;30&#8243;][vc_single_image image=&#187;1525&#8243; img_size=&#187;full&#187;][\/vc_column][\/vc_row]<\/p>\n<\/div>","protected":false},"excerpt":{"rendered":"<p>[vc_row][vc_column][vc_column_text] \u042d\u0441\u0442\u043e\u043d\u0441\u043a\u0430\u044f \u0410\u0441\u0441\u043e\u0446\u0438\u0430\u0446\u0438\u044f \u043a\u043b\u0430\u0441\u0441\u0430 \u0414\u0440\u0430\u043a\u043e\u043d [\/vc_column_text][vc_column_text][\/vc_column_text][vc_empty_space height=&#187;30&#8243;][\/vc_column][\/vc_row][vc_row][vc_column css=&#187;.vc_custom_1555078123821{background-color: #eaeff5 !important;}&#187;][vc_empty_space height=&#187;30&#8243;][vc_single_image image=&#187;1525&#8243; img_size=&#187;full&#187;][\/vc_column][\/vc_row]<\/p>\n","protected":false},"author":1,"featured_media":0,"parent":0,"menu_order":10,"comment_status":"closed","ping_status":"closed","template":"","meta":{"inline_featured_image":false},"class_list":["post-1848","page","type-page","status-publish","hentry","description-off"],"aioseo_notices":[],"_links":{"self":[{"href":"https:\/\/estdragon.ee\/ru\/wp-json\/wp\/v2\/pages\/1848","targetHints":{"allow":["GET"]}}],"collection":[{"href":"https:\/\/estdragon.ee\/ru\/wp-json\/wp\/v2\/pages"}],"about":[{"href":"https:\/\/estdragon.ee\/ru\/wp-json\/wp\/v2\/types\/page"}],"author":[{"embeddable":true,"href":"https:\/\/estdragon.ee\/ru\/wp-json\/wp\/v2\/users\/1"}],"replies":[{"embeddable":true,"href":"https:\/\/estdragon.ee\/ru\/wp-json\/wp\/v2\/comments?post=1848"}],"version-history":[{"count":5,"href":"https:\/\/estdragon.ee\/ru\/wp-json\/wp\/v2\/pages\/1848\/revisions"}],"predecessor-version":[{"id":16204,"href":"https:\/\/estdragon.ee\/ru\/wp-json\/wp\/v2\/pages\/1848\/revisions\/16204"}],"wp:attachment":[{"href":"https:\/\/estdragon.ee\/ru\/wp-json\/wp\/v2\/media?parent=1848"}],"curies":[{"name":"wp","href":"https:\/\/api.w.org\/{rel}","templated":true}]}}